{"id":1953,"date":"2025-05-09T12:48:39","date_gmt":"2025-05-09T09:48:39","guid":{"rendered":"https:\/\/oltre-experience.com\/politica-di-rimborso-e-cancellazione\/"},"modified":"2025-10-02T16:33:58","modified_gmt":"2025-10-02T13:33:58","slug":"politica-di-rimborsi-e-cancellazioni","status":"publish","type":"page","link":"https:\/\/oltre-experience.com\/it\/politica-di-rimborsi-e-cancellazioni\/","title":{"rendered":"Politica di rimborsi e cancellazioni"},"content":{"rendered":"\t\t<div data-elementor-type=\"wp-page\" data-elementor-id=\"1953\" class=\"elementor elementor-1953 elementor-34\" data-elementor-post-type=\"page\">\n\t\t\t\t<div data-dce-background-overlay-image-url=\"https:\/\/oltre-experience.com\/wp-content\/uploads\/2025\/05\/logo-favicon-1.webp\" class=\"elementor-element elementor-element-11261a1 e-flex e-con-boxed e-con e-parent\" data-id=\"11261a1\" data-element_type=\"container\" data-e-type=\"container\">\n\t\t\t\t\t<div class=\"e-con-inner\">\n\t\t\t\t<div class=\"elementor-element elementor-element-005b1ed elementor-widget elementor-widget-heading\" data-id=\"005b1ed\" data-element_type=\"widget\" data-e-type=\"widget\" data-widget_type=\"heading.default\">\n\t\t\t\t<div class=\"elementor-widget-container\">\n\t\t\t\t\t<h1 class=\"elementor-heading-title elementor-size-default\">Politica di rimborsi e cancellazioni<\/h1>\t\t\t\t<\/div>\n\t\t\t\t<\/div>\n\t\t\t\t<div class=\"elementor-element elementor-element-e2e5d20 elementor-widget elementor-widget-text-editor\" data-id=\"e2e5d20\" data-element_type=\"widget\" data-e-type=\"widget\" data-widget_type=\"text-editor.default\">\n\t\t\t\t<div class=\"elementor-widget-container\">\n\t\t\t\t\t\t\t\t\t<p>&#8211; Diritto di recesso: Se il contratto \u00e8 concluso a distanza o al di fuori delle nostre sedi, i clienti qualificabili come consumatori possono recedere entro 14 giorni dalla sottoscrizione, senza alcuna penalit\u00e0, mediante comunicazione scritta inviata a PEC (oltreprojectsrl@pec.it), e-mail (info@oltreproject.it), o raccomandata. I rimborsi verranno elaborati entro 14 giorni utilizzando lo stesso metodo di pagamento. <\/p>\n<p>&#8211; Cessazione anticipata: se un programma viene interrotto anticipatamente senza gravi motivi di salute, il cliente sar\u00e0 tenuto a pagare:<br>&#8211; la parte corrispondente ai mesi gi\u00e0 utilizzati, e<br>&#8211; una penale (che va dal 50% al 100% dell&#8217;importo residuo, a seconda del programma scelto).<\/p>\n<p>&#8211; Trasferimento del contratto: per evitare penali, il contratto pu\u00f2 essere trasferito una sola volta a un familiare o a un amico, con il consenso scritto della Societ\u00e0. Il nuovo partecipante dovr\u00e0 sottoporsi ad una prima visita al costo standard. <\/p>\n<p>&#8211; Sospensioni: a seconda del programma, le sospensioni possono essere consentite per gravi motivi documentati (malattia, infortunio, gravidanza), di solito fino a 1-3 mesi, con la data di fine prorogata di conseguenza.<\/p>\n<p>&#8211; Recesso della Societ\u00e0: La Societ\u00e0 pu\u00f2 recedere se i servizi non possono essere forniti per motivi oggettivi o se il cliente agisce contro la correttezza e la buona fede. In tali casi, gli importi non utilizzati saranno rimborsati. <\/p>\t\t\t\t\t\t\t\t<\/div>\n\t\t\t\t<\/div>\n\t\t\t\t\t<\/div>\n\t\t\t\t<\/div>\n\t\t\t\t<\/div>\n\t\t","protected":false},"excerpt":{"rendered":"<p>&#8211; Diritto di recesso: Se il contratto \u00e8 concluso a distanza o al di fuori delle nostre sedi, i clienti qualificabili come consumatori possono recedere entro 14 giorni dalla sottoscrizione, senza alcuna penalit\u00e0, mediante comunicazione scritta inviata a PEC (oltreprojectsrl@pec.it), e-mail (info@oltreproject.it), o raccomandata. I rimborsi verranno elaborati entro 14 giorni utilizzando lo stesso metodo [&hellip;]<\/p>\n","protected":false},"author":2,"featured_media":0,"parent":0,"menu_order":0,"comment_status":"closed","ping_status":"closed","template":"","meta":{"_acf_changed":false,"footnotes":""},"class_list":["post-1953","page","type-page","status-publish","hentry"],"acf":[],"_links":{"self":[{"href":"https:\/\/oltre-experience.com\/it\/wp-json\/wp\/v2\/pages\/1953","targetHints":{"allow":["GET"]}}],"collection":[{"href":"https:\/\/oltre-experience.com\/it\/wp-json\/wp\/v2\/pages"}],"about":[{"href":"https:\/\/oltre-experience.com\/it\/wp-json\/wp\/v2\/types\/page"}],"author":[{"embeddable":true,"href":"https:\/\/oltre-experience.com\/it\/wp-json\/wp\/v2\/users\/2"}],"replies":[{"embeddable":true,"href":"https:\/\/oltre-experience.com\/it\/wp-json\/wp\/v2\/comments?post=1953"}],"version-history":[{"count":2,"href":"https:\/\/oltre-experience.com\/it\/wp-json\/wp\/v2\/pages\/1953\/revisions"}],"predecessor-version":[{"id":2085,"href":"https:\/\/oltre-experience.com\/it\/wp-json\/wp\/v2\/pages\/1953\/revisions\/2085"}],"wp:attachment":[{"href":"https:\/\/oltre-experience.com\/it\/wp-json\/wp\/v2\/media?parent=1953"}],"curies":[{"name":"wp","href":"https:\/\/api.w.org\/{rel}","templated":true}]}}