{"id":1996,"date":"2025-10-02T12:39:15","date_gmt":"2025-10-02T09:39:15","guid":{"rendered":"https:\/\/oltre-experience.com\/informativa-sulla-privacy\/"},"modified":"2025-10-02T16:32:30","modified_gmt":"2025-10-02T13:32:30","slug":"politica-sulla-privacy","status":"publish","type":"page","link":"https:\/\/oltre-experience.com\/it\/politica-sulla-privacy\/","title":{"rendered":"Politica sulla privacy"},"content":{"rendered":"\t\t<div data-elementor-type=\"wp-page\" data-elementor-id=\"1996\" class=\"elementor elementor-1996 elementor-1866\" data-elementor-post-type=\"page\">\n\t\t\t\t<div data-dce-background-overlay-image-url=\"https:\/\/oltre-experience.com\/wp-content\/uploads\/2025\/05\/logo-favicon-1.webp\" class=\"elementor-element elementor-element-b3b05e4 e-flex e-con-boxed e-con e-parent\" data-id=\"b3b05e4\" data-element_type=\"container\" data-e-type=\"container\">\n\t\t\t\t\t<div class=\"e-con-inner\">\n\t\t\t\t<div class=\"elementor-element elementor-element-80c36a8 elementor-widget__width-initial elementor-widget elementor-widget-heading\" data-id=\"80c36a8\" data-element_type=\"widget\" data-e-type=\"widget\" data-widget_type=\"heading.default\">\n\t\t\t\t<div class=\"elementor-widget-container\">\n\t\t\t\t\t<h1 class=\"elementor-heading-title elementor-size-default\">Politica sulla privacy<\/h1>\t\t\t\t<\/div>\n\t\t\t\t<\/div>\n\t\t\t\t<div class=\"elementor-element elementor-element-7a48869 elementor-widget elementor-widget-text-editor\" data-id=\"7a48869\" data-element_type=\"widget\" data-e-type=\"widget\" data-widget_type=\"text-editor.default\">\n\t\t\t\t<div class=\"elementor-widget-container\">\n\t\t\t\t\t\t\t\t\t<section><p>Ci impegniamo a proteggere i tuoi dati personali in conformit\u00e0 con il Regolamento generale sulla protezione dei dati dell&#8217;UE (Reg. UE 2016\/679 \u2013 GDPR).<\/p><p>Titolare del trattamento: OLTRE PROJECT S.R.L., Via Fontana Angelica 1, 83031 Ariano Irpino (AV), Italia. PEC: oltreprojectsrl@pec.it \u2013 Email: info@oltreproject.it<\/p><p>Dati raccolti: dati identificativi e di contatto forniti al momento dell&#8217;iscrizione ai nostri programmi, informazioni sulla salute e sullo stile di vita necessarie per i servizi personalizzati e dettagli di pagamento.<\/p><p>Finalit\u00e0 del trattamento: Esecuzione dei contratti, adempimenti amministrativi e legali, comunicazione degli aggiornamenti del programma. Con esplicito consenso, i dati potranno essere utilizzati anche per finalit\u00e0 promozionali o informative.<\/p><p>Modalit\u00e0 del trattamento: Sistemi sia cartacei che informatici, in linea con i principi di liceit\u00e0, correttezza e trasparenza.<\/p><p>Conservazione: Per la durata del rapporto contrattuale e come richiesto dalle leggi applicabili.<\/p><p>Diritti dell&#8217;utente: l&#8217;utente ha il diritto di accesso, rettifica, cancellazione, limitazione o opposizione al trattamento, nonch\u00e9 il diritto alla portabilit\u00e0 dei dati (artt. 15-22 GDPR). \u00c8 inoltre possibile proporre reclamo all&#8217;Autorit\u00e0 Garante per la protezione dei dati personali.<\/p><p>Contatti: Per qualsiasi richiesta relativa ai tuoi dati personali, scrivi a info@oltreproject.it o oltreprojectsrl@pec.it.<\/p><\/section>\t\t\t\t\t\t\t\t<\/div>\n\t\t\t\t<\/div>\n\t\t\t\t\t<\/div>\n\t\t\t\t<\/div>\n\t\t\t\t<\/div>\n\t\t","protected":false},"excerpt":{"rendered":"<p>Ci impegniamo a proteggere i tuoi dati personali in conformit\u00e0 con il Regolamento generale sulla protezione dei dati dell&#8217;UE (Reg. UE 2016\/679 \u2013 GDPR). Titolare del trattamento: OLTRE PROJECT S.R.L., Via Fontana Angelica 1, 83031 Ariano Irpino (AV), Italia. PEC: oltreprojectsrl@pec.it \u2013 Email: info@oltreproject.it Dati raccolti: dati identificativi e di contatto forniti al momento dell&#8217;iscrizione [&hellip;]<\/p>\n","protected":false},"author":2,"featured_media":0,"parent":0,"menu_order":0,"comment_status":"closed","ping_status":"closed","template":"","meta":{"_acf_changed":false,"footnotes":""},"class_list":["post-1996","page","type-page","status-publish","hentry"],"acf":[],"_links":{"self":[{"href":"https:\/\/oltre-experience.com\/it\/wp-json\/wp\/v2\/pages\/1996","targetHints":{"allow":["GET"]}}],"collection":[{"href":"https:\/\/oltre-experience.com\/it\/wp-json\/wp\/v2\/pages"}],"about":[{"href":"https:\/\/oltre-experience.com\/it\/wp-json\/wp\/v2\/types\/page"}],"author":[{"embeddable":true,"href":"https:\/\/oltre-experience.com\/it\/wp-json\/wp\/v2\/users\/2"}],"replies":[{"embeddable":true,"href":"https:\/\/oltre-experience.com\/it\/wp-json\/wp\/v2\/comments?post=1996"}],"version-history":[{"count":2,"href":"https:\/\/oltre-experience.com\/it\/wp-json\/wp\/v2\/pages\/1996\/revisions"}],"predecessor-version":[{"id":2083,"href":"https:\/\/oltre-experience.com\/it\/wp-json\/wp\/v2\/pages\/1996\/revisions\/2083"}],"wp:attachment":[{"href":"https:\/\/oltre-experience.com\/it\/wp-json\/wp\/v2\/media?parent=1996"}],"curies":[{"name":"wp","href":"https:\/\/api.w.org\/{rel}","templated":true}]}}